{"id":1417,"date":"2016-02-12T08:13:06","date_gmt":"2016-02-12T08:13:06","guid":{"rendered":"http:\/\/demos.famethemes.com\/onepress\/?page_id=24"},"modified":"2024-09-06T15:15:26","modified_gmt":"2024-09-06T13:15:26","slug":"service-title-2","status":"publish","type":"page","link":"https:\/\/www.jiridolezel.eu\/cs\/service-title-2\/","title":{"rendered":"Prodej va\u0161\u00ed nemovitosti"},"content":{"rendered":"<p>B\u011bhem prodejn\u00edho procesu bude o ve\u0161kerou p\u0159\u00edpravu marketingov\u00fdch materi\u00e1l\u016f postar\u00e1no za v\u00e1s. Ud\u011bl\u00e1me maximum pro to, abychom va\u0161i nemovitost co nejl\u00e9pe prezentovali k pron\u00e1jmu nebo prodeji a na\u0161li spr\u00e1vn\u00e9ho z\u00e1kazn\u00edka. To zahrnuje inzer\u00e1ty na sreality.cz a dal\u0161\u00edch inzertn\u00edch platform\u00e1ch a propagaci na soci\u00e1ln\u00edch s\u00edt\u00edch, abychom co nejd\u0159\u00edve na\u0161li ide\u00e1ln\u00edho kupce.<\/p>","protected":false},"excerpt":{"rendered":"<p>B\u011bhem prodejn\u00edho procesu se postar\u00e1me o ve\u0161kerou p\u0159\u00edpravu marketingov\u00fdch materi\u00e1l\u016f za v\u00e1s. Ud\u011bl\u00e1me v\u0161e pro to, abychom va\u0161i nemovitost co nejl\u00e9pe p\u0159edstavili k pron\u00e1jmu nebo prodeji \u2026<\/p>","protected":false},"author":2,"featured_media":1570,"parent":0,"menu_order":0,"comment_status":"closed","ping_status":"closed","template":"","meta":{"footnotes":""},"_links":{"self":[{"href":"https:\/\/www.jiridolezel.eu\/cs\/wp-json\/wp\/v2\/pages\/1417"}],"collection":[{"href":"https:\/\/www.jiridolezel.eu\/cs\/wp-json\/wp\/v2\/pages"}],"about":[{"href":"https:\/\/www.jiridolezel.eu\/cs\/wp-json\/wp\/v2\/types\/page"}],"author":[{"embeddable":true,"href":"https:\/\/www.jiridolezel.eu\/cs\/wp-json\/wp\/v2\/users\/2"}],"replies":[{"embeddable":true,"href":"https:\/\/www.jiridolezel.eu\/cs\/wp-json\/wp\/v2\/comments?post=1417"}],"version-history":[{"count":5,"href":"https:\/\/www.jiridolezel.eu\/cs\/wp-json\/wp\/v2\/pages\/1417\/revisions"}],"predecessor-version":[{"id":1587,"href":"https:\/\/www.jiridolezel.eu\/cs\/wp-json\/wp\/v2\/pages\/1417\/revisions\/1587"}],"wp:featuredmedia":[{"embeddable":true,"href":"https:\/\/www.jiridolezel.eu\/cs\/wp-json\/wp\/v2\/media\/1570"}],"wp:attachment":[{"href":"https:\/\/www.jiridolezel.eu\/cs\/wp-json\/wp\/v2\/media?parent=1417"}],"curies":[{"name":"wp","href":"https:\/\/api.w.org\/{rel}","templated":true}]}}