{"id":1591,"date":"2024-09-06T15:26:41","date_gmt":"2024-09-06T13:26:41","guid":{"rendered":"https:\/\/www.jiridolezel.eu\/?page_id=1591"},"modified":"2024-09-17T15:15:06","modified_gmt":"2024-09-17T13:15:06","slug":"property-buyer-assistance","status":"publish","type":"page","link":"https:\/\/www.jiridolezel.eu\/cs\/property-buyer-assistance\/","title":{"rendered":"Asistence p\u0159i koupi nemovitosti"},"content":{"rendered":"<p>Chcete koupit byt, ale nejste si jist\u00ed, na co se b\u011bhem prohl\u00eddky zam\u011b\u0159it?<\/p>\n\n\n\n<p>Kontaktujte m\u011b a mohu V\u00e1s doprovodit na prohl\u00eddky nemovitost\u00ed, zhodnotit stav budovy a pomoci v\u00e1m identifikovat mo\u017en\u00e9 probl\u00e9my, kter\u00e9 by mohly v\u00e9st k dodate\u010dn\u00fdm n\u00e1klad\u016fm nebo oprav\u00e1m. Prod\u00e1val jsem, kupoval a renovoval v\u00edcero byt\u016f a dom\u016f, co\u017e mi poskytlo dobr\u00fd p\u0159ehled o tom na co je pot\u0159eba se zam\u011b\u0159it a jak\u00e9 dal\u0161\u00ed v\u00fddaje V\u00e1s v budoucnu m\u016f\u017eou \u010dekat.<\/p>","protected":false},"excerpt":{"rendered":"<p>Chcete koupit byt, ale nejste si jist\u00ed, na co se b\u011bhem prohl\u00eddky zam\u011b\u0159it?\n\nKontaktujte m\u011b a mohu V\u00e1s doprovodit na prohl\u00eddky nemovitost\u00ed, zhodnotit stav budovy a...<\/p>","protected":false},"author":3,"featured_media":1593,"parent":0,"menu_order":0,"comment_status":"closed","ping_status":"closed","template":"","meta":{"footnotes":""},"_links":{"self":[{"href":"https:\/\/www.jiridolezel.eu\/cs\/wp-json\/wp\/v2\/pages\/1591"}],"collection":[{"href":"https:\/\/www.jiridolezel.eu\/cs\/wp-json\/wp\/v2\/pages"}],"about":[{"href":"https:\/\/www.jiridolezel.eu\/cs\/wp-json\/wp\/v2\/types\/page"}],"author":[{"embeddable":true,"href":"https:\/\/www.jiridolezel.eu\/cs\/wp-json\/wp\/v2\/users\/3"}],"replies":[{"embeddable":true,"href":"https:\/\/www.jiridolezel.eu\/cs\/wp-json\/wp\/v2\/comments?post=1591"}],"version-history":[{"count":2,"href":"https:\/\/www.jiridolezel.eu\/cs\/wp-json\/wp\/v2\/pages\/1591\/revisions"}],"predecessor-version":[{"id":1619,"href":"https:\/\/www.jiridolezel.eu\/cs\/wp-json\/wp\/v2\/pages\/1591\/revisions\/1619"}],"wp:featuredmedia":[{"embeddable":true,"href":"https:\/\/www.jiridolezel.eu\/cs\/wp-json\/wp\/v2\/media\/1593"}],"wp:attachment":[{"href":"https:\/\/www.jiridolezel.eu\/cs\/wp-json\/wp\/v2\/media?parent=1591"}],"curies":[{"name":"wp","href":"https:\/\/api.w.org\/{rel}","templated":true}]}}