{"id":23,"date":"2016-02-12T08:12:49","date_gmt":"2016-02-12T08:12:49","guid":{"rendered":"http:\/\/demos.famethemes.com\/onepress\/?page_id=23"},"modified":"2024-10-21T15:19:06","modified_gmt":"2024-10-21T13:19:06","slug":"service-title-1","status":"publish","type":"page","link":"https:\/\/www.jiridolezel.eu\/cs\/service-title-1\/","title":{"rendered":"Prodejte svou nemovitost dle vlastn\u00edch p\u0159edstav s na\u0161\u00edm bal\u00ed\u010dkem Z\u00e1kladn\u00edch realitn\u00edch slu\u017eeb"},"content":{"rendered":"<p>Prodejte svou nemovitost dle vlastn\u00edch p\u0159edstav - rychleji, levn\u011bji, efektivn\u011bji.\ns na\u0161\u00edm bal\u00ed\u010dkem Z\u00e1kladn\u00edch realitn\u00edch slu\u017eeb neplat\u00edte provizi realitn\u00ed kancel\u00e1\u0159i. M\u00e1me pro V\u00e1s v\u00fdhodnou nab\u00eddku za 48,000Kc. U\u0161et\u0159\u00edme V\u00e1\u0161 \u010das, dod\u00e1me V\u00e1m jistotu bezprobl\u00e9mov\u00e9 realitn\u00ed transakce. Nemus\u00edte se u\u010dit slo\u017eitou realitn\u00ed, nebo pr\u00e1vn\u00ed terminologii. Pom\u016f\u017eeme V\u00e1m hladce zvl\u00e1dnout marketing, smlouvy a pr\u00e1vn\u00ed z\u00e1le\u017eitosti, a zbytek ten lehce zvl\u00e1dnete sami.<\/p>\n<p>-<\/p>\n<p><strong>Co pro v\u00e1s za\u0159\u00edd\u00edme:\u00a0 <\/strong><\/p>\n<ul>\n<li>Vypracujeme odhad prodejn\u00ed ceny nemovitosti<\/li>\n<li>Inzerci prod\u00e1van\u00e9 nemovitosti na v\u0161ech hlavn\u00edch realitn\u00edch port\u00e1lech v \u010cesk\u00e9 republice<\/li>\n<li>Propagaci na soci\u00e1ln\u00edch s\u00edt\u00edch a na\u0161em webu<\/li>\n<li>Pr\u00e1vn\u00ed slu\u017eby zpracov\u00e1n\u00ed kupn\u00ed smlouvy<\/li>\n<li>Advok\u00e1tn\u00ed \u00faschovu pen\u011bz a listin<\/li>\n<li>Vklad kupn\u00ed smlouvy do katastru nemovitost\u00ed<\/li>\n<\/ul>\n<p><strong>Co za\u0159\u00edd\u00edte vy:<\/strong><\/p>\n<ul>\n<li>Budete hlavn\u00ed kontaktn\u00ed osobou pro z\u00e1jemce o koupi<\/li>\n<li>Domluv\u00edte si term\u00edn prohl\u00eddek dle Va\u0161ich mo\u017enost\u00ed<\/li>\n<li>Uk\u00e1\u017eete z\u00e1jemc\u016fm nemovitost<\/li>\n<li>Vyberete si kupuj\u00edc\u00edho dle vlastn\u00edch krit\u00e9ri<\/li>\n<li>M\u00e1te p\u0159\u00edm\u00fd vliv na v\u00fdslednou prodejn\u00ed cenu<\/li>\n<\/ul>","protected":false},"excerpt":{"rendered":"<p>Prodejte svou nemovitost dle vlastn\u00edch p\u0159edstav - rychleji, levn\u011bji, efektivn\u011bji. S na\u0161\u00edm bal\u00ed\u010dkem Z\u00e1kladn\u00edch realitn\u00edch slu\u017eeb neplat\u00edte provizi realitn\u00ed kancel\u00e1\u0159i.<\/p>","protected":false},"author":2,"featured_media":1553,"parent":0,"menu_order":0,"comment_status":"closed","ping_status":"closed","template":"","meta":{"footnotes":""},"_links":{"self":[{"href":"https:\/\/www.jiridolezel.eu\/cs\/wp-json\/wp\/v2\/pages\/23"}],"collection":[{"href":"https:\/\/www.jiridolezel.eu\/cs\/wp-json\/wp\/v2\/pages"}],"about":[{"href":"https:\/\/www.jiridolezel.eu\/cs\/wp-json\/wp\/v2\/types\/page"}],"author":[{"embeddable":true,"href":"https:\/\/www.jiridolezel.eu\/cs\/wp-json\/wp\/v2\/users\/2"}],"replies":[{"embeddable":true,"href":"https:\/\/www.jiridolezel.eu\/cs\/wp-json\/wp\/v2\/comments?post=23"}],"version-history":[{"count":6,"href":"https:\/\/www.jiridolezel.eu\/cs\/wp-json\/wp\/v2\/pages\/23\/revisions"}],"predecessor-version":[{"id":1630,"href":"https:\/\/www.jiridolezel.eu\/cs\/wp-json\/wp\/v2\/pages\/23\/revisions\/1630"}],"wp:featuredmedia":[{"embeddable":true,"href":"https:\/\/www.jiridolezel.eu\/cs\/wp-json\/wp\/v2\/media\/1553"}],"wp:attachment":[{"href":"https:\/\/www.jiridolezel.eu\/cs\/wp-json\/wp\/v2\/media?parent=23"}],"curies":[{"name":"wp","href":"https:\/\/api.w.org\/{rel}","templated":true}]}}