{"id":25,"date":"2016-02-12T08:13:22","date_gmt":"2016-02-12T08:13:22","guid":{"rendered":"http:\/\/demos.famethemes.com\/onepress\/?page_id=25"},"modified":"2024-09-06T15:19:40","modified_gmt":"2024-09-06T13:19:40","slug":"service-title-3","status":"publish","type":"page","link":"https:\/\/www.jiridolezel.eu\/cs\/service-title-3\/","title":{"rendered":"Asistence p\u0159i hled\u00e1n\u00ed pron\u00e1jmu nemovitosti"},"content":{"rendered":"<p>Chcete se p\u0159est\u011bhovat do Brna a nejste si jisti, jak naj\u00edt byt? Jazykov\u00e1 bari\u00e9ra a specifick\u00e9 \u010desk\u00e9 zvyklosti p\u0159i pron\u00e1jmu mohou p\u0159in\u00e9st dal\u0161\u00ed v\u00fdzvy. Mluv\u00edm v\u00fdborn\u011b anglicky i \u010desky a mohu v\u00e1m s t\u00edm pomoci. Na z\u00e1klad\u011b va\u0161ich preferenc\u00ed budu sledovat trh a aktivn\u011b vyhled\u00e1vat vhodn\u00e9 nemovitosti k pron\u00e1jmu pro v\u00e1s.<br \/>\n.<\/p>","protected":false},"excerpt":{"rendered":"<p>Chcete se p\u0159est\u011bhovat do Brna a nejste si jisti, jak naj\u00edt byt? Jazykov\u00e1 bari\u00e9ra a specifick\u00e9 \u010desk\u00e9 zvyklosti p\u0159i pron\u00e1jmu mohou p\u0159in\u00e9st dal\u0161\u00ed v\u00fdzvy. Mluv\u00edm anglicky...<\/p>","protected":false},"author":2,"featured_media":1560,"parent":0,"menu_order":0,"comment_status":"closed","ping_status":"closed","template":"","meta":{"footnotes":""},"_links":{"self":[{"href":"https:\/\/www.jiridolezel.eu\/cs\/wp-json\/wp\/v2\/pages\/25"}],"collection":[{"href":"https:\/\/www.jiridolezel.eu\/cs\/wp-json\/wp\/v2\/pages"}],"about":[{"href":"https:\/\/www.jiridolezel.eu\/cs\/wp-json\/wp\/v2\/types\/page"}],"author":[{"embeddable":true,"href":"https:\/\/www.jiridolezel.eu\/cs\/wp-json\/wp\/v2\/users\/2"}],"replies":[{"embeddable":true,"href":"https:\/\/www.jiridolezel.eu\/cs\/wp-json\/wp\/v2\/comments?post=25"}],"version-history":[{"count":4,"href":"https:\/\/www.jiridolezel.eu\/cs\/wp-json\/wp\/v2\/pages\/25\/revisions"}],"predecessor-version":[{"id":1590,"href":"https:\/\/www.jiridolezel.eu\/cs\/wp-json\/wp\/v2\/pages\/25\/revisions\/1590"}],"wp:featuredmedia":[{"embeddable":true,"href":"https:\/\/www.jiridolezel.eu\/cs\/wp-json\/wp\/v2\/media\/1560"}],"wp:attachment":[{"href":"https:\/\/www.jiridolezel.eu\/cs\/wp-json\/wp\/v2\/media?parent=25"}],"curies":[{"name":"wp","href":"https:\/\/api.w.org\/{rel}","templated":true}]}}